{"id":899,"date":"2014-12-29T12:43:12","date_gmt":"2014-12-29T12:43:12","guid":{"rendered":"http:\/\/hb-themes.com\/themes\/highend\/presentation\/?page_id=899"},"modified":"2022-01-04T12:49:33","modified_gmt":"2022-01-04T12:49:33","slug":"contact-us","status":"publish","type":"page","link":"https:\/\/goraltarim.com\/?page_id=899","title":{"rendered":"Contact"},"content":{"rendered":"<p><img data-recalc-dims=\"1\" loading=\"lazy\" decoding=\"async\" class=\"aligncenter wp-image-1428\" src=\"https:\/\/i0.wp.com\/goraltarim.com\/wp-content\/uploads\/2021\/09\/tarla.jpg?resize=896%2C672\" alt=\"\" width=\"896\" height=\"672\" srcset=\"https:\/\/i0.wp.com\/goraltarim.com\/wp-content\/uploads\/2021\/09\/tarla.jpg?w=1600&amp;ssl=1 1600w, https:\/\/i0.wp.com\/goraltarim.com\/wp-content\/uploads\/2021\/09\/tarla.jpg?resize=300%2C225&amp;ssl=1 300w, https:\/\/i0.wp.com\/goraltarim.com\/wp-content\/uploads\/2021\/09\/tarla.jpg?resize=1024%2C768&amp;ssl=1 1024w, https:\/\/i0.wp.com\/goraltarim.com\/wp-content\/uploads\/2021\/09\/tarla.jpg?resize=768%2C576&amp;ssl=1 768w, https:\/\/i0.wp.com\/goraltarim.com\/wp-content\/uploads\/2021\/09\/tarla.jpg?resize=1536%2C1152&amp;ssl=1 1536w, https:\/\/i0.wp.com\/goraltarim.com\/wp-content\/uploads\/2021\/09\/tarla.jpg?resize=600%2C450&amp;ssl=1 600w\" sizes=\"auto, (max-width: 896px) 100vw, 896px\" \/>[vc_column width=&#8221;2\/3&#8243; css=&#8221;.vc_custom_1419864141169{margin-bottom: 0px !important;padding-top: 50px !important;padding-right: 30px !important;padding-bottom: 50px !important;padding-left: 10% !important;}&#8221;]<div class=\"shortcode-wrapper shortcode-title clearfix\"><h3 style=\"color:#444444!important;border-color:#444444\" class=\"\">GET IN TOUCH WITH US<\/h3><\/div><div class=\"shortcode-wrapper shortcode-separator clearfix\" ><div class=\"hb-separator extra-space\" style=\"margin-top:20px;margin-bottom:0px;\"><div class=\"hb-fw-separator\"><\/div><\/div><\/div><div class=\"shortcode-wrapper shortcode-spacer clearfix\"><div class=\"spacer\"><\/div><\/div>[vc_message message_box_color=&#8221;chino&#8221;]\n<div data-test='contact-form'\n\t\t\tid='contact-form-899'\n\t\t\tclass='jetpack-contact-form-container '\n\t\t\tdata-wp-interactive='jetpack\/form' data-wp-context='{\"formId\":\"899\",\"formHash\":\"6ab584f40455b3c02ed8c8b4614a595cec437285\",\"showErrors\":false,\"errors\":[],\"fields\":[],\"isMultiStep\":false,\"useAjax\":true,\"submissionData\":null,\"formattedSubmissionData\":[],\"submissionSuccess\":false,\"submissionError\":null,\"elementId\":\"jp-form-6ab584f40455b3c02ed8c8b4614a595cec437285\",\"isSingleInputForm\":false,\"isForcedHorizontal\":false}'\n\t\t\tdata-wp-watch--scroll-to-wrapper=\"callbacks.scrollToWrapper\"\n\t\t>\n<div class=\"contact-form-submission contact-form-ajax-submission\" data-wp-bind--aria-hidden=\"state.isSuccessMessageAriaHidden\" data-wp-class--submission-success=\"context.submissionSuccess\" id=\"contact-form-success-6ab584f40455b3c02ed8c8b4614a595cec437285\" tabindex=\"-1\" aria-labelledby=\"contact-form-success-header-6ab584f40455b3c02ed8c8b4614a595cec437285\"><p class=\"go-back-message\"><a class=\"link\" role=\"button\" tabindex=\"0\" data-wp-on--click=\"actions.goBack\" href=\"\/index.php?rest_route=%2Fwp%2Fv2%2Fpages%2F899\">\u2190 Back<\/a><\/p><h4 data-wp-bind--aria-hidden=\"state.isSuccessMessageAriaHidden\" id=\"contact-form-success-header-6ab584f40455b3c02ed8c8b4614a595cec437285\">Thank you for your response. \u2728<\/h4>\n\n<template data-wp-each--submission=\"context.formattedSubmissionData\">\n\t\t\t\t\t<div class=\"jetpack_forms_contact-form-success-summary\">\n\t\t\t\t\t\t<div class=\"field-name-wrapper\">\n\t\t\t\t\t\t\t<div class=\"field-type-icon\" data-wp-watch=\"callbacks.watchFieldTypeIcon\"><\/div>\n\t\t\t\t\t\t\t<div class=\"field-name\" data-wp-text=\"context.submission.label\" data-wp-bind--hidden=\"!context.submission.label\"><\/div>\n\t\t\t\t\t\t<\/div>\n\t\t\t\t\t\t<div class=\"field-value\" data-wp-text=\"context.submission.value\" data-wp-bind--hidden=\"!context.submission.showPlainValue\"><\/div>\n\t\t\t\t\t\t<a class=\"field-url\" data-wp-bind--href=\"context.submission.url\" data-wp-text=\"context.submission.value\" data-wp-bind--hidden=\"!context.submission.url\" target=\"_blank\" rel=\"noopener noreferrer\"><\/a>\n\t\t\t\t\t\t<div class=\"field-rating\" data-wp-bind--hidden=\"!context.submission.rating\" data-wp-watch=\"callbacks.watchRatingIcons\"><\/div>\n\t\t\t\t\t\t<div class=\"field-images\" data-wp-bind--hidden=\"!context.submission.images\">\n\t\t\t\t\t\t\t<template data-wp-each--image=\"context.submission.images\">\n\t\t\t\t\t\t\t\t<div class=\"field-image-option\" data-wp-class--is-empty=\"!context.image.src\">\n\t\t\t\t\t\t\t\t\t<figure class=\"field-image-option__image\" data-wp-class--is-empty=\"!context.image.src\">\n\t\t\t\t\t\t\t\t\t\t<img data-wp-bind--src=\"context.image.src\" data-wp-bind--hidden=\"!context.image.src\" \/>\n\t\t\t\t\t\t\t\t\t\t<img decoding=\"async\" src=\"data:image\/gif;base64,R0lGODlhAQABAAD\/ACwAAAAAAQABAAACADs=\" data-wp-bind--hidden=\"context.image.src\" \/>\n\t\t\t\t\t\t\t\t\t<\/figure>\n\t\t\t\t\t\t\t\t\t<div class=\"field-image-option__label-wrapper\">\n\t\t\t\t\t\t\t\t\t\t<span class=\"field-image-option__label-code\" data-wp-text=\"context.image.letterCode\"><\/span>\n\t\t\t\t\t\t\t\t\t\t<span class=\"field-image-option__label\" data-wp-text=\"context.image.label\" data-wp-bind--hidden=\"!context.image.label\"><\/span>\n\t\t\t\t\t\t\t\t\t<\/div>\n\t\t\t\t\t\t\t\t<\/div>\n\t\t\t\t\t\t\t<\/template>\n\t\t\t\t\t\t<\/div>\n\t\t\t\t\t\t<div class=\"field-files\" data-wp-bind--hidden=\"!context.submission.files\">\n\t\t\t\t\t\t\t<template data-wp-each--file=\"context.submission.files\">\n\t\t\t\t\t\t\t\t<div class=\"field-file\">\n\t\t\t\t\t\t\t\t\t<div class=\"field-file__thumbnail\" data-wp-style--background-image=\"context.file.previewUrl\" data-wp-style--mask-image=\"context.file.iconUrl\" data-wp-bind--hidden=\"!context.file.hasPreview\"><\/div>\n\t\t\t\t\t\t\t\t\t<svg class=\"field-file__icon\" data-wp-bind--hidden=\"context.file.hasPreview\" width=\"20\" height=\"20\" viewBox=\"0 0 24 24\" fill=\"none\" xmlns=\"http:\/\/www.w3.org\/2000\/svg\" aria-hidden=\"true\">\n\t\t\t\t\t\t\t\t\t\t<path d=\"M14 2H6C4.9 2 4 2.9 4 4V20C4 21.1 4.89 22 5.99 22H18C19.1 22 20 21.1 20 20V8L14 2ZM18 20H6V4H13V9H18V20Z\" fill=\"currentColor\"\/>\n\t\t\t\t\t\t\t\t\t<\/svg>\n\t\t\t\t\t\t\t\t\t<span class=\"field-file__name\" data-wp-text=\"context.file.name\"><\/span>\n\t\t\t\t\t\t\t\t\t<span class=\"field-file__size\" data-wp-text=\"context.file.size\"><\/span>\n\t\t\t\t\t\t\t\t<\/div>\n\t\t\t\t\t\t\t<\/template>\n\t\t\t\t\t\t<\/div>\n\t\t\t\t\t<\/div>\n\t\t\t\t<\/template><\/div><form action='https:\/\/goraltarim.com\/?page_id=899'\n\t\t\t\tid='jp-form-6ab584f40455b3c02ed8c8b4614a595cec437285'\n\t\t\t\tmethod='post'\n\t\t\t\tclass='contact-form commentsblock jetpack-contact-form__form has-no-jetpack-form-layout' aria-label=\"Contact\"\n\t\t\t\tdata-wp-on--submit=\"actions.onFormSubmit\"\n\t\t\t\tdata-wp-on--reset=\"actions.onFormReset\"\n\t\t\t\tdata-wp-class--submission-success=\"context.submissionSuccess\"\n\t\t\t\tdata-wp-class--is-first-step=\"state.isFirstStep\"\n\t\t\t\tdata-wp-class--is-last-step=\"state.isLastStep\"\n\t\t\t\tdata-wp-class--is-ajax-form=\"context.useAjax\"\n\t\t\t\tnovalidate >\n<input type='hidden' name='jetpack_contact_form_jwt' value='eyJ0eXAiOiJKV1QiLCJhbGciOiJIUzI1NiJ9.eyJlbmNyeXB0ZWRfYXR0cmlidXRlcyI6ImlUR01WWTlJMHhTbUp4MFFxTFZEd2FvcWlMV1dvNC9xOHJVdGE5NW1ZQmZGUWxIMmd5aFdiV0pvaGZpaUpOMUIrWkttZSs0RUNTYUUrVWVZbk11SElCZGJ0ZmNFRGVoeVh1OVpNVE1tbFJwRS9tMTVCYTNkcDJ4WFdTODl2cE1say9sWG4yUS83bUlsWEg0MWdjQlJmR3FYZ1djTyt3N2lydTcxaHlST1pHUU9sSXh2MnVBTVFLT09oLzhYczZuQXl1ZDd0UzlVcFZPRFkwQlFCVUJDUjYzdXFhZy9OdCtPay9RejdhR1lqenJJaElIaWc3K3lXaFlUa1dOeC8xT1JVTzh2c3A3eFdSNlF6U2dTNEVvYTlvZXE2ZXJxM1MrekFrTkpEVjBLLzV6MFU3dXp5c25zSkVSUGRidndBMFJXc21HRjdxT2lJZ3REeEhtSFFINXZMb2QvcFk3dk8zellmaUwvOHFIakVqUjJERmZ6d2t2MTlYTTJjME5zUVJGWEY5OUhNN2xkdmprbDJsNG1ZdVRvTUlyRzEzckNPc0NiaHFqZ2JZOU1uQmlkc0NOVjNTaUJON2VReDQ0SFJvSjZOb1ZtNm9nVEU4ekZLcDdGTHliREtGb1ZJTnhyODdSR0JUNUIrS0U3NklGZFVjeG1jaHByLzFNck16OVNIQWFhU3lSeXhWUjVCcmdITXVmQlNKNnlBR1Vuc3V1NGdzR2R1amE5eElGVjI5UU43R0dyblZYcTZScFRMS0VCVk5mRCtCZGo2b3hvS0o2UmJKcjlxeFpjYnQrckgrSnJ4ZnA0VURWTkVEQ1lkdU1vdGFxazZpeEtsUUMvMEh3TUV2MEZrVEw2VnZrcmZNUmF1RXdyWGJWRGtmSmY0Rjg4dHVxaVNsUi9MUDdGQmd4bmVEQldBUU1hWTQ0Vm5Yend0bkxhM1cxUGhGSTBZNm13UE5BcEFuVE5DOTZONHNnU3VxTGtHVmcyaUgzaU11UHovano2NEJCMkRoTGYxRG5mS05Ma1grNUg3MHQ5cTB0ZUFSSFdrcExTblRjaFEweWpRVHBwU1VEZnZXVm55M1p3VWEvSVpkRDhSZjJ2a0JiUmMrb0REMkR3VVRrMld2ZTc4bUFQOHEvVWdXb2dQQlROR1NqN3QveU5mbkE5MFN0K0VKd29UcE1uIiwiY29udGVudCI6Iltjb250YWN0LWZpZWxkIGxhYmVsPVwiTmFtZVwiIHR5cGU9XCJuYW1lXCIgcmVxdWlyZWQ9XCIxXCJdW2NvbnRhY3QtZmllbGQgbGFiZWw9XCJFbWFpbFwiIHR5cGU9XCJlbWFpbFwiIHJlcXVpcmVkPVwiMVwiXVtjb250YWN0LWZpZWxkIGxhYmVsPVwiTWVzc2FnZVwiIHR5cGU9XCJ0ZXh0YXJlYVwiXSIsImhhc2giOiI2YWI1ODRmNDA0NTViM2MwMmVkOGM4YjQ2MTRhNTk1Y2VjNDM3Mjg1Iiwic291cmNlIjp7ImVudHJ5X3RpdGxlIjoiQ29udGFjdCIsImVudHJ5X3BhZ2UiOjEsInNvdXJjZV9pZCI6ODk5LCJzb3VyY2VfdHlwZSI6InNpbmdsZSIsInJlcXVlc3RfdXJsIjoiaHR0cHM6Ly9nb3JhbHRhcmltLmNvbSJ9LCJ2ZXJzaW9uIjoyLCJjaXBoZXIiOiJhZXMtMjU2LWdjbSJ9.AJnZwqQkcw2OOZZc-QmVZfvVpuw5ALzrniOIHOxWZCg' \/>\n\n<div style=\"\"  data-wp-interactive=\"jetpack\/form\" data-wp-context='{\"fieldId\":\"g899-name\",\"fieldType\":\"name\",\"fieldLabel\":\"Name\",\"fieldValue\":\"\",\"fieldPlaceholder\":\"\",\"fieldIsRequired\":\"1\",\"fieldErrorMessage\":\"\",\"fieldExtra\":[],\"formHash\":\"6ab584f40455b3c02ed8c8b4614a595cec437285\"}'  class='grunion-field-name-wrap grunion-field-wrap'  data-wp-init='callbacks.initializeField' data-wp-on--jetpack-form-reset='callbacks.initializeField' >\n<label\n\t\t\t\tfor='g899-name' class=\"grunion-field-label name\" >Name<span class=\"grunion-label-required\" aria-hidden=\"true\">(required)<\/span><\/label>\n<input\n\t\t\t\t\ttype='text'\n\t\t\t\t\tname='g899-name'\n\t\t\t\t\tid='g899-name'\n\t\t\t\t\tvalue=''\n\n\t\t\t\t\tdata-wp-bind--aria-invalid='state.fieldAriaInvalid'\n\t\t\t\t\tdata-wp-bind--value='state.getFieldValue'\n\t\t\t\t\taria-describedby='g899-name-text-error-message'\n\t\t\t\t\tdata-wp-on--input='actions.onFieldChange'\n\t\t\t\t\tdata-wp-on--blur='actions.onFieldBlur'\n\t\t\t\t\tdata-wp-class--has-value='state.hasFieldValue'\n\n\t\t\t\t\tclass='name  grunion-field' \n\t\t\t\t\trequired='true' aria-required='true'  \/>\n \n\t\t\t<div id=\"g899-name-text-error\" class=\"contact-form__input-error\" data-wp-class--has-errors=\"state.fieldHasErrors\">\n\t\t\t\t<span class=\"contact-form__warning-icon\" aria-hidden=\"true\">\n\t\t\t\t\t<svg width=\"16\" height=\"16\" viewBox=\"0 0 16 16\" fill=\"none\" xmlns=\"http:\/\/www.w3.org\/2000\/svg\">\n\t\t\t\t\t\t<path d=\"M8.50015 11.6402H7.50015V10.6402H8.50015V11.6402Z\" \/>\n\t\t\t\t\t\t<path d=\"M7.50015 9.64018H8.50015V6.30684H7.50015V9.64018Z\" \/>\n\t\t\t\t\t\t<path fill-rule=\"evenodd\" clip-rule=\"evenodd\" d=\"M6.98331 3.0947C7.42933 2.30177 8.57096 2.30177 9.01698 3.09469L13.8771 11.7349C14.3145 12.5126 13.7525 13.4735 12.8602 13.4735H3.14004C2.24774 13.4735 1.68575 12.5126 2.12321 11.7349L6.98331 3.0947ZM8.14541 3.58496C8.08169 3.47168 7.9186 3.47168 7.85488 3.58496L2.99478 12.2251C2.93229 12.3362 3.01257 12.4735 3.14004 12.4735H12.8602C12.9877 12.4735 13.068 12.3362 13.0055 12.2251L8.14541 3.58496Z\" \/>\n\t\t\t\t\t<\/svg>\n\t\t\t\t<\/span>\n\t\t\t\t<span data-wp-text=\"state.errorMessage\" id=\"g899-name-text-error-message\"><\/span>\n\t\t\t<\/div> \n\t<\/div>\n\n<div style=\"\"  data-wp-interactive=\"jetpack\/form\" data-wp-context='{\"fieldId\":\"g899-email\",\"fieldType\":\"email\",\"fieldLabel\":\"Email\",\"fieldValue\":\"\",\"fieldPlaceholder\":\"\",\"fieldIsRequired\":\"1\",\"fieldErrorMessage\":\"\",\"fieldExtra\":[],\"formHash\":\"6ab584f40455b3c02ed8c8b4614a595cec437285\"}'  class='grunion-field-email-wrap grunion-field-wrap'  data-wp-init='callbacks.initializeField' data-wp-on--jetpack-form-reset='callbacks.initializeField' >\n<label\n\t\t\t\tfor='g899-email' class=\"grunion-field-label email\" >Email<span class=\"grunion-label-required\" aria-hidden=\"true\">(required)<\/span><\/label>\n<input\n\t\t\t\t\ttype='email'\n\t\t\t\t\tname='g899-email'\n\t\t\t\t\tid='g899-email'\n\t\t\t\t\tvalue=''\n\n\t\t\t\t\tdata-wp-bind--aria-invalid='state.fieldAriaInvalid'\n\t\t\t\t\tdata-wp-bind--value='state.getFieldValue'\n\t\t\t\t\taria-describedby='g899-email-email-error-message'\n\t\t\t\t\tdata-wp-on--input='actions.onFieldChange'\n\t\t\t\t\tdata-wp-on--blur='actions.onFieldBlur'\n\t\t\t\t\tdata-wp-class--has-value='state.hasFieldValue'\n\n\t\t\t\t\tclass='email  grunion-field' \n\t\t\t\t\trequired='true' aria-required='true'  \/>\n \n\t\t\t<div id=\"g899-email-email-error\" class=\"contact-form__input-error\" data-wp-class--has-errors=\"state.fieldHasErrors\">\n\t\t\t\t<span class=\"contact-form__warning-icon\" aria-hidden=\"true\">\n\t\t\t\t\t<svg width=\"16\" height=\"16\" viewBox=\"0 0 16 16\" fill=\"none\" xmlns=\"http:\/\/www.w3.org\/2000\/svg\">\n\t\t\t\t\t\t<path d=\"M8.50015 11.6402H7.50015V10.6402H8.50015V11.6402Z\" \/>\n\t\t\t\t\t\t<path d=\"M7.50015 9.64018H8.50015V6.30684H7.50015V9.64018Z\" \/>\n\t\t\t\t\t\t<path fill-rule=\"evenodd\" clip-rule=\"evenodd\" d=\"M6.98331 3.0947C7.42933 2.30177 8.57096 2.30177 9.01698 3.09469L13.8771 11.7349C14.3145 12.5126 13.7525 13.4735 12.8602 13.4735H3.14004C2.24774 13.4735 1.68575 12.5126 2.12321 11.7349L6.98331 3.0947ZM8.14541 3.58496C8.08169 3.47168 7.9186 3.47168 7.85488 3.58496L2.99478 12.2251C2.93229 12.3362 3.01257 12.4735 3.14004 12.4735H12.8602C12.9877 12.4735 13.068 12.3362 13.0055 12.2251L8.14541 3.58496Z\" \/>\n\t\t\t\t\t<\/svg>\n\t\t\t\t<\/span>\n\t\t\t\t<span data-wp-text=\"state.errorMessage\" id=\"g899-email-email-error-message\"><\/span>\n\t\t\t<\/div> \n\t<\/div>\n\n<div style=\"\"  data-wp-interactive=\"jetpack\/form\" data-wp-context='{\"fieldId\":\"g899-message\",\"fieldType\":\"textarea\",\"fieldLabel\":\"Message\",\"fieldValue\":\"\",\"fieldPlaceholder\":\"\",\"fieldIsRequired\":\"\",\"fieldErrorMessage\":\"\",\"fieldExtra\":[],\"formHash\":\"6ab584f40455b3c02ed8c8b4614a595cec437285\"}'  class='grunion-field-textarea-wrap grunion-field-wrap'  data-wp-init='callbacks.initializeField' data-wp-on--jetpack-form-reset='callbacks.initializeField' >\n<label\n\t\t\t\tfor='contact-form-comment-g899-message' class=\"grunion-field-label textarea\" >Message<\/label>\n<textarea\n\t\t                style=''\n\t\t                name='g899-message'\n\t\t                id='contact-form-comment-g899-message'\n\t\t                rows='20'\n\t\t\t\t\t\tdata-wp-text='state.getFieldValue'\n\t\t\t\t\t\tdata-wp-on--input='actions.onFieldChange'\n\t\t\t\t\t\tdata-wp-on--blur='actions.onFieldBlur'\n\t\t\t\t\t\tdata-wp-class--has-value='state.hasFieldValue'\n\t\t\t\t\t\taria-describedby='g899-message-textarea-error-message'\n\t\t\t\t\t\tdata-wp-bind--aria-invalid='state.fieldAriaInvalid'\n\t\t\t\t\t\tclass='textarea  grunion-field'  ><\/textarea>\n \n\t\t\t<div id=\"g899-message-textarea-error\" class=\"contact-form__input-error\" data-wp-class--has-errors=\"state.fieldHasErrors\">\n\t\t\t\t<span class=\"contact-form__warning-icon\" aria-hidden=\"true\">\n\t\t\t\t\t<svg width=\"16\" height=\"16\" viewBox=\"0 0 16 16\" fill=\"none\" xmlns=\"http:\/\/www.w3.org\/2000\/svg\">\n\t\t\t\t\t\t<path d=\"M8.50015 11.6402H7.50015V10.6402H8.50015V11.6402Z\" \/>\n\t\t\t\t\t\t<path d=\"M7.50015 9.64018H8.50015V6.30684H7.50015V9.64018Z\" \/>\n\t\t\t\t\t\t<path fill-rule=\"evenodd\" clip-rule=\"evenodd\" d=\"M6.98331 3.0947C7.42933 2.30177 8.57096 2.30177 9.01698 3.09469L13.8771 11.7349C14.3145 12.5126 13.7525 13.4735 12.8602 13.4735H3.14004C2.24774 13.4735 1.68575 12.5126 2.12321 11.7349L6.98331 3.0947ZM8.14541 3.58496C8.08169 3.47168 7.9186 3.47168 7.85488 3.58496L2.99478 12.2251C2.93229 12.3362 3.01257 12.4735 3.14004 12.4735H12.8602C12.9877 12.4735 13.068 12.3362 13.0055 12.2251L8.14541 3.58496Z\" \/>\n\t\t\t\t\t<\/svg>\n\t\t\t\t<\/span>\n\t\t\t\t<span data-wp-text=\"state.errorMessage\" id=\"g899-message-textarea-error-message\"><\/span>\n\t\t\t<\/div>\n\t<\/div>\n\t<p class='contact-submit'>\n<div class=\"contact-form__error\" data-wp-class--show-errors=\"state.showFormErrors\"><span class=\"contact-form__warning-icon\" aria-hidden=\"true\"><i><\/i><\/span><span class=\"contact-form__error-message\" tabindex=\"-1\" data-wp-watch=\"callbacks.focusOnValidationError\" data-wp-text=\"state.getFormErrorMessage\"><\/span><ul aria-label=\"Form errors\">\n\t\t\t\t<template data-wp-each=\"state.getErrorList\" data-wp-key=\"context.item.id\">\n\t\t\t\t\t<li><a data-wp-bind--href=\"context.item.anchor\" data-wp-on--click=\"actions.scrollIntoView\" data-wp-text=\"context.item.label\"><\/a><\/li>\n\t\t\t\t<\/template>\n\t\t\t\t<\/ul><\/div><div class=\"contact-form__error\" data-wp-class--show-errors=\"state.showSubmissionError\" data-wp-text=\"context.submissionError\" tabindex=\"-1\" data-wp-watch=\"callbacks.focusOnSubmissionError\"><\/div>\t\t<button type='submit' class='pushbutton-wide'>Submit<\/button>\t\t<input type='hidden' name='contact-form-id' value='899' \/>\n\t\t<input type='hidden' name='action' value='grunion-contact-form' \/>\n\t\t<input type='hidden' name='contact-form-hash' value='6ab584f40455b3c02ed8c8b4614a595cec437285' \/>\n\t<\/p>\n<\/form>\n<\/div>\n[\/vc_message][\/vc_column][vc_column width=&#8221;1\/3&#8243; css=&#8221;.vc_custom_1419862632485{padding-top: 50px !important;padding-right: 0px !important;padding-bottom: 30px !important;padding-left: 30px !important;background-color: #f4f4f4 !important;}&#8221;]<div class=\"shortcode-wrapper shortcode-spacer clearfix\"><div class=\"spacer\"><\/div><\/div>[vc_column_text]\n<h3>Address:<\/h3>\n<p>Organize Sanayi Bolgesi 2. Cadde No:8 Eskisehir\/TURKEY<\/p>\n<h3>Phone number:<\/h3>\n<p>+90 222 2360039\/50<\/p>\n<h3>Mobile number:<\/h3>\n<p>+90 531 2824185<\/p>\n<h3>Fax number:<\/h3>\n<p>+90 222 2360355<\/p>\n<h3>Email:<\/h3>\n<p>info@goraltarim.com<\/p>\n<h3>Find us on:<\/h3>\n<p><a href=\"https:\/\/goo.gl\/maps\/p7DYwNneH5VndKF97\">https:\/\/goo.gl\/maps\/p7DYwNneH5VndKF97<\/a><\/p>\n<h2><strong>KVKK<\/strong><\/h2>\n<p><a href=\"http:\/\/goraltarim.com\/wp-content\/uploads\/2022\/01\/KVKK_acikrizabeyanformu.pdf\">A\u00c7IK RIZA BEYAN FORMU<\/a><\/p>\n<p><a href=\"http:\/\/goraltarim.com\/wp-content\/uploads\/2022\/01\/aydinlatma_metni.pdf\">AYDINLATMA METN\u0130<\/a><\/p>\n<p><a href=\"http:\/\/goraltarim.com\/wp-content\/uploads\/2022\/01\/kisiselveri.pdf\">K\u0130\u015e\u0130SEL VER\u0130 SAKLAMA, KORUMA VE \u0130MHA POL\u0130T\u0130KASI<\/a><\/p>\n","protected":false},"excerpt":{"rendered":"<p>[vc_column width=&#8221;2\/3&#8243; css=&#8221;.vc_custom_1419864141169{margin-bottom: 0px !important;padding-top: 50px !important;padding-right: 30px !important;padding-bottom: 50px !important;padding-left: 10% !important;}&#8221;][vc_message message_box_color=&#8221;chino&#8221;] [\/vc_message][\/vc_column][vc_column width=&#8221;1\/3&#8243; css=&#8221;.vc_custom_1419862632485{padding-top: 50px !important;padding-right: 0px [&hellip;]<\/p>\n","protected":false},"author":1,"featured_media":0,"parent":0,"menu_order":0,"comment_status":"open","ping_status":"open","template":"","meta":{"nf_dc_page":"","footnotes":""},"class_list":["post-899","page","type-page","status-publish","hentry"],"jetpack_sharing_enabled":true,"_links":{"self":[{"href":"https:\/\/goraltarim.com\/index.php?rest_route=\/wp\/v2\/pages\/899","targetHints":{"allow":["GET"]}}],"collection":[{"href":"https:\/\/goraltarim.com\/index.php?rest_route=\/wp\/v2\/pages"}],"about":[{"href":"https:\/\/goraltarim.com\/index.php?rest_route=\/wp\/v2\/types\/page"}],"author":[{"embeddable":true,"href":"https:\/\/goraltarim.com\/index.php?rest_route=\/wp\/v2\/users\/1"}],"replies":[{"embeddable":true,"href":"https:\/\/goraltarim.com\/index.php?rest_route=%2Fwp%2Fv2%2Fcomments&post=899"}],"version-history":[{"count":4,"href":"https:\/\/goraltarim.com\/index.php?rest_route=\/wp\/v2\/pages\/899\/revisions"}],"predecessor-version":[{"id":1485,"href":"https:\/\/goraltarim.com\/index.php?rest_route=\/wp\/v2\/pages\/899\/revisions\/1485"}],"wp:attachment":[{"href":"https:\/\/goraltarim.com\/index.php?rest_route=%2Fwp%2Fv2%2Fmedia&parent=899"}],"curies":[{"name":"wp","href":"https:\/\/api.w.org\/{rel}","templated":true}]}}